{"id":27,"date":"2021-08-04T09:24:27","date_gmt":"2021-08-04T09:24:27","guid":{"rendered":"https:\/\/nathaliebekhouche.fr\/?page_id=27"},"modified":"2024-03-12T21:01:04","modified_gmt":"2024-03-12T21:01:04","slug":"a-propos-de","status":"publish","type":"page","link":"https:\/\/nathaliebekhouche.fr\/?page_id=27","title":{"rendered":"DEMARCHE ARTISTIQUE"},"content":{"rendered":"\n<div class=\"wp-block-group is-layout-constrained wp-block-group-is-layout-constrained\"><div class=\"wp-block-group__inner-container\">\n<div class=\"wp-block-group is-layout-constrained wp-block-group-is-layout-constrained\"><div class=\"wp-block-group__inner-container\">\n<div class=\"wp-block-group is-layout-constrained wp-block-group-is-layout-constrained\"><div class=\"wp-block-group__inner-container\">\n<p class=\"has-small-font-size\" style=\"font-style:normal;font-weight:300\">Mon travail de recherche artistique se base sur les potentiels narratifs, linguistiques et sculpturaux des mati\u00e8res et gestes textiles. Par un processus d&rsquo;observation, de mise en lien, de r\u00e9colte de r\u00e9cits et de recherche de m\u00e9moires, je tisse et fabrique des paysages, en relation avec les environnements dans lesquels je travaille. <\/p>\n\n\n\n<p class=\"has-small-font-size\" style=\"font-style:normal;font-weight:300\">En jouant sur la fronti\u00e8re entre la construction et la destruction, l&rsquo;abstraction et la figuration, les territoires qui se d\u00e9ploient au travers des pi\u00e8ces tentent de figurer une impression de mouvement perp\u00e9tuel, de fabrication infinie. Par l&rsquo;usage de couleurs, mati\u00e8res et formes g\u00e9om\u00e9triques simples, ces paysages questionnent des notions plus globales telles que l&rsquo;industrialisation, la transmission, la perception, l&rsquo;anthropologie et la mondialisation. <\/p>\n\n\n\n<p class=\"has-small-font-size\" style=\"font-style:normal;font-weight:300\">Les objets, symboles et motifs que je fabrique repr\u00e9sentent des lieux pr\u00e9cis, retracent des r\u00e9cits sp\u00e9cifiques, tout en mettant en lumi\u00e8re le potentiel universel fort des mat\u00e9riaux, gestes et savoir-faire issus des artisanats textiles.<\/p>\n\n\n\n<p class=\"has-small-font-size\" style=\"font-style:normal;font-weight:300\">Finalement, mon travail est un qu\u00eate continuelle d&rsquo;espaces, d\u2019histoires et de mythes collectifs, de territoires et paysages communs, dans lesquels chacun pourrait se situer, se sentir familier et se projeter. En cherchant les multiples sens, tant techniques que symboliques, du tissage, je tente de mettre en lumi\u00e8re la complexit\u00e9 du maillage global humain, et souligner la subjectivit\u00e9 de ses limites.<\/p>\n\n\n\n<p class=\"has-white-color has-text-color has-link-color wp-elements-d13f95dee5965d1ac3002978a8826fd3\">.<br>.<br>.<br>.<\/p>\n<\/div><\/div>\n<\/div><\/div>\n<\/div><\/div>\n","protected":false},"excerpt":{"rendered":"<p>Mon travail de recherche artistique se base sur les potentiels narratifs, linguistiques et sculpturaux des mati\u00e8res et gestes textiles. Par un processus d&rsquo;observation, de mise en lien, de r\u00e9colte de r\u00e9cits et de recherche de m\u00e9moires, je tisse et fabrique des paysages, en relation avec les environnements dans lesquels je travaille. En jouant sur la [&hellip;]<\/p>\n","protected":false},"author":1,"featured_media":0,"parent":0,"menu_order":0,"comment_status":"closed","ping_status":"closed","template":"","meta":{"footnotes":""},"_links":{"self":[{"href":"https:\/\/nathaliebekhouche.fr\/index.php?rest_route=\/wp\/v2\/pages\/27"}],"collection":[{"href":"https:\/\/nathaliebekhouche.fr\/index.php?rest_route=\/wp\/v2\/pages"}],"about":[{"href":"https:\/\/nathaliebekhouche.fr\/index.php?rest_route=\/wp\/v2\/types\/page"}],"author":[{"embeddable":true,"href":"https:\/\/nathaliebekhouche.fr\/index.php?rest_route=\/wp\/v2\/users\/1"}],"replies":[{"embeddable":true,"href":"https:\/\/nathaliebekhouche.fr\/index.php?rest_route=%2Fwp%2Fv2%2Fcomments&post=27"}],"version-history":[{"count":12,"href":"https:\/\/nathaliebekhouche.fr\/index.php?rest_route=\/wp\/v2\/pages\/27\/revisions"}],"predecessor-version":[{"id":387,"href":"https:\/\/nathaliebekhouche.fr\/index.php?rest_route=\/wp\/v2\/pages\/27\/revisions\/387"}],"wp:attachment":[{"href":"https:\/\/nathaliebekhouche.fr\/index.php?rest_route=%2Fwp%2Fv2%2Fmedia&parent=27"}],"curies":[{"name":"wp","href":"https:\/\/api.w.org\/{rel}","templated":true}]}}